{"id":100,"date":"2023-10-24T08:34:20","date_gmt":"2023-10-24T06:34:20","guid":{"rendered":"https:\/\/www.champagne-raymond.com\/shop\/?post_type=product&#038;p=100"},"modified":"2024-01-19T13:57:53","modified_gmt":"2024-01-19T12:57:53","slug":"millesime-2016","status":"publish","type":"product","link":"https:\/\/www.champagne-raymond.com\/shop\/produit\/millesime-2016\/","title":{"rendered":"Mill\u00e9sime 2016"},"content":{"rendered":"<p><strong>Pr\u00e9sentation<\/strong><br \/>\nJaune \u00e0 reflets ambr\u00e9s, la robe s\u2019accompagne de bulles g\u00e9n\u00e9reuses et abondantes.<br \/>\nAu nez, le vin est domin\u00e9 par les fruits blancs, la p\u00eache blanche, la fleur de sureau. Viennent ensuite le sucre d\u2019orge et le sirop d\u2019orgeat dans un registre gourmand, accompagn\u00e9s par la grenadine et la framboise.<br \/>\nSoyeuse, subtile et juteuse, la bouche est tout aussi friande que le nez. Soutenue par des notes de confiseries et de bonbon anglais, celle-ci se ponctue de lavande fra\u00eeche dans une belle \u00e9l\u00e9gance bucolique.<\/p>\n<p><strong>D\u00e9gustation<\/strong><br \/>\nUn champagne d\u2019ap\u00e9ritif et de soir\u00e9e qui joue sur la finesse et la d\u00e9licatesse. En ton sur ton : univers de la mer, poisson blanc \u00e0 la plancha ou en papillote avec des herbes aromatiques.<\/p>\n","protected":false},"excerpt":{"rendered":"<p>Pr\u00e9sentation Jaune \u00e0 reflets ambr\u00e9s, la robe s\u2019accompagne de bulles g\u00e9n\u00e9reuses et abondantes. Au nez, le vin est domin\u00e9 par les fruits blancs, la p\u00eache blanche, la fleur de sureau. Viennent ensuite le sucre d\u2019orge et le sirop d\u2019orgeat dans un registre gourmand, accompagn\u00e9s par la grenadine et la framboise. Soyeuse, subtile et juteuse, la &hellip; <\/p>\n<p class=\"link-more\"><a href=\"https:\/\/www.champagne-raymond.com\/shop\/produit\/millesime-2016\/\" class=\"more-link\">Continue reading<span class=\"screen-reader-text\"> \u00ab\u00a0Mill\u00e9sime 2016\u00a0\u00bb<\/span><\/a><\/p>\n","protected":false},"featured_media":118,"template":"","meta":{"_acf_changed":false,"inline_featured_image":false},"product_brand":[],"product_cat":[15],"product_tag":[],"class_list":{"0":"post-100","1":"product","2":"type-product","3":"status-publish","4":"has-post-thumbnail","6":"product_cat-champagne","8":"first","9":"instock","10":"shipping-taxable","11":"product-type-simple"},"acf":[],"_links":{"self":[{"href":"https:\/\/www.champagne-raymond.com\/shop\/wp-json\/wp\/v2\/product\/100","targetHints":{"allow":["GET"]}}],"collection":[{"href":"https:\/\/www.champagne-raymond.com\/shop\/wp-json\/wp\/v2\/product"}],"about":[{"href":"https:\/\/www.champagne-raymond.com\/shop\/wp-json\/wp\/v2\/types\/product"}],"wp:featuredmedia":[{"embeddable":true,"href":"https:\/\/www.champagne-raymond.com\/shop\/wp-json\/wp\/v2\/media\/118"}],"wp:attachment":[{"href":"https:\/\/www.champagne-raymond.com\/shop\/wp-json\/wp\/v2\/media?parent=100"}],"wp:term":[{"taxonomy":"product_brand","embeddable":true,"href":"https:\/\/www.champagne-raymond.com\/shop\/wp-json\/wp\/v2\/product_brand?post=100"},{"taxonomy":"product_cat","embeddable":true,"href":"https:\/\/www.champagne-raymond.com\/shop\/wp-json\/wp\/v2\/product_cat?post=100"},{"taxonomy":"product_tag","embeddable":true,"href":"https:\/\/www.champagne-raymond.com\/shop\/wp-json\/wp\/v2\/product_tag?post=100"}],"curies":[{"name":"wp","href":"https:\/\/api.w.org\/{rel}","templated":true}]}}