{"id":11,"date":"2023-06-19T16:27:15","date_gmt":"2023-06-19T14:27:15","guid":{"rendered":"https:\/\/www.champagne-raymond.com\/shop\/?post_type=product&#038;p=11"},"modified":"2025-05-13T08:30:47","modified_gmt":"2025-05-13T06:30:47","slug":"brut-selection","status":"publish","type":"product","link":"https:\/\/www.champagne-raymond.com\/shop\/produit\/brut-selection\/","title":{"rendered":"S\u00e9lection \/ Originelle"},"content":{"rendered":"<p><strong>Pr\u00e9sentation<\/strong><br \/>\nMono-c\u00e9page 100% Pinot Meunier, parfaitement repr\u00e9sentatif de la Vall\u00e9e de la Marne, ce Champagne, reflet de notre savoir-faire, r\u00e9v\u00e8le au nez et en bouche une belle rondeur et de s\u00e9duisants ar\u00f4mes de fruits.<\/p>\n<p><strong>D\u00e9gustation<\/strong><br \/>\nVieilli au minimum 24 mois, il fera le bonheur de vos ap\u00e9ritifs improvis\u00e9s et se laissera d\u00e9guster ais\u00e9ment \u00e0 tout instant, quand l\u2019envie se pr\u00e9sente.<\/p>\n","protected":false},"excerpt":{"rendered":"<p>Pr\u00e9sentation Mono-c\u00e9page 100% Pinot Meunier, parfaitement repr\u00e9sentatif de la Vall\u00e9e de la Marne, ce Champagne, reflet de notre savoir-faire, r\u00e9v\u00e8le au nez et en bouche une belle rondeur et de s\u00e9duisants ar\u00f4mes de fruits. D\u00e9gustation Vieilli au minimum 24 mois, il fera le bonheur de vos ap\u00e9ritifs improvis\u00e9s et se laissera d\u00e9guster ais\u00e9ment \u00e0 tout &hellip; <\/p>\n<p class=\"link-more\"><a href=\"https:\/\/www.champagne-raymond.com\/shop\/produit\/brut-selection\/\" class=\"more-link\">Continue reading<span class=\"screen-reader-text\"> \u00ab\u00a0S\u00e9lection \/ Originelle\u00a0\u00bb<\/span><\/a><\/p>\n","protected":false},"featured_media":139,"template":"","meta":{"_acf_changed":false,"inline_featured_image":false},"product_brand":[],"product_cat":[15],"product_tag":[],"class_list":{"0":"post-11","1":"product","2":"type-product","3":"status-publish","4":"has-post-thumbnail","6":"product_cat-champagne","8":"first","9":"instock","10":"shipping-taxable","11":"product-type-variable","12":"has-default-attributes"},"acf":[],"_links":{"self":[{"href":"https:\/\/www.champagne-raymond.com\/shop\/wp-json\/wp\/v2\/product\/11","targetHints":{"allow":["GET"]}}],"collection":[{"href":"https:\/\/www.champagne-raymond.com\/shop\/wp-json\/wp\/v2\/product"}],"about":[{"href":"https:\/\/www.champagne-raymond.com\/shop\/wp-json\/wp\/v2\/types\/product"}],"wp:featuredmedia":[{"embeddable":true,"href":"https:\/\/www.champagne-raymond.com\/shop\/wp-json\/wp\/v2\/media\/139"}],"wp:attachment":[{"href":"https:\/\/www.champagne-raymond.com\/shop\/wp-json\/wp\/v2\/media?parent=11"}],"wp:term":[{"taxonomy":"product_brand","embeddable":true,"href":"https:\/\/www.champagne-raymond.com\/shop\/wp-json\/wp\/v2\/product_brand?post=11"},{"taxonomy":"product_cat","embeddable":true,"href":"https:\/\/www.champagne-raymond.com\/shop\/wp-json\/wp\/v2\/product_cat?post=11"},{"taxonomy":"product_tag","embeddable":true,"href":"https:\/\/www.champagne-raymond.com\/shop\/wp-json\/wp\/v2\/product_tag?post=11"}],"curies":[{"name":"wp","href":"https:\/\/api.w.org\/{rel}","templated":true}]}}