{"id":22,"date":"2023-06-19T16:40:44","date_gmt":"2023-06-19T14:40:44","guid":{"rendered":"https:\/\/www.champagne-raymond.com\/shop\/?post_type=product&#038;p=22"},"modified":"2025-05-13T08:31:49","modified_gmt":"2025-05-13T06:31:49","slug":"prestige","status":"publish","type":"product","link":"https:\/\/www.champagne-raymond.com\/shop\/produit\/prestige\/","title":{"rendered":"Prestige \/ Le haut du panier"},"content":{"rendered":"<p><strong>Pr\u00e9sentation<\/strong><br \/>\nR\u00e9sultat d\u2019une alliance \u00e9quilibr\u00e9e de 50 % de Pinot Noir et 50 % de Chardonnay, cette cuv\u00e9e sp\u00e9ciale affirme \u00e0 l&rsquo;avance son caract\u00e8re prestigieux.<\/p>\n<p>Le Pinot Noir lui apporte structure et puissance, le Chardonnay lui conf\u00e8re finesse et d\u00e9licatesse, sa rondeur se m\u00eale merveilleusement \u00e0 la subtilit\u00e9s de ses ar\u00f4mes floraux enivrants.<\/p>\n<p><strong>D\u00e9gustation<\/strong><br \/>\nC\u2019est un subtil m\u00e9lange entre la puissance du Pinot Noir et la finesse du Chardonnay.<\/p>\n","protected":false},"excerpt":{"rendered":"<p>Pr\u00e9sentation R\u00e9sultat d\u2019une alliance \u00e9quilibr\u00e9e de 50 % de Pinot Noir et 50 % de Chardonnay, cette cuv\u00e9e sp\u00e9ciale affirme \u00e0 l&rsquo;avance son caract\u00e8re prestigieux. Le Pinot Noir lui apporte structure et puissance, le Chardonnay lui conf\u00e8re finesse et d\u00e9licatesse, sa rondeur se m\u00eale merveilleusement \u00e0 la subtilit\u00e9s de ses ar\u00f4mes floraux enivrants. D\u00e9gustation C\u2019est &hellip; <\/p>\n<p class=\"link-more\"><a href=\"https:\/\/www.champagne-raymond.com\/shop\/produit\/prestige\/\" class=\"more-link\">Continue reading<span class=\"screen-reader-text\"> \u00ab\u00a0Prestige \/ Le haut du panier\u00a0\u00bb<\/span><\/a><\/p>\n","protected":false},"featured_media":134,"template":"","meta":{"_acf_changed":false,"inline_featured_image":false},"product_brand":[],"product_cat":[15],"product_tag":[],"class_list":{"0":"post-22","1":"product","2":"type-product","3":"status-publish","4":"has-post-thumbnail","6":"product_cat-champagne","8":"first","9":"instock","10":"shipping-taxable","11":"product-type-variable","12":"has-default-attributes"},"acf":[],"_links":{"self":[{"href":"https:\/\/www.champagne-raymond.com\/shop\/wp-json\/wp\/v2\/product\/22","targetHints":{"allow":["GET"]}}],"collection":[{"href":"https:\/\/www.champagne-raymond.com\/shop\/wp-json\/wp\/v2\/product"}],"about":[{"href":"https:\/\/www.champagne-raymond.com\/shop\/wp-json\/wp\/v2\/types\/product"}],"wp:featuredmedia":[{"embeddable":true,"href":"https:\/\/www.champagne-raymond.com\/shop\/wp-json\/wp\/v2\/media\/134"}],"wp:attachment":[{"href":"https:\/\/www.champagne-raymond.com\/shop\/wp-json\/wp\/v2\/media?parent=22"}],"wp:term":[{"taxonomy":"product_brand","embeddable":true,"href":"https:\/\/www.champagne-raymond.com\/shop\/wp-json\/wp\/v2\/product_brand?post=22"},{"taxonomy":"product_cat","embeddable":true,"href":"https:\/\/www.champagne-raymond.com\/shop\/wp-json\/wp\/v2\/product_cat?post=22"},{"taxonomy":"product_tag","embeddable":true,"href":"https:\/\/www.champagne-raymond.com\/shop\/wp-json\/wp\/v2\/product_tag?post=22"}],"curies":[{"name":"wp","href":"https:\/\/api.w.org\/{rel}","templated":true}]}}