{"id":26,"date":"2023-06-19T16:42:05","date_gmt":"2023-06-19T14:42:05","guid":{"rendered":"https:\/\/www.champagne-raymond.com\/shop\/?post_type=product&#038;p=26"},"modified":"2024-01-22T10:49:23","modified_gmt":"2024-01-22T09:49:23","slug":"coup-2-foudre","status":"publish","type":"product","link":"https:\/\/www.champagne-raymond.com\/shop\/produit\/coup-2-foudre\/","title":{"rendered":"Coup 2 Foudre"},"content":{"rendered":"<p><strong>Pr\u00e9sentation<\/strong><br \/>\nCette cuv\u00e9e \u00ab\u00a0Coup de Foudre\u00a0\u00bb, symbole unique de notre histoire, a \u00e9t\u00e9 tir\u00e9e en quantit\u00e9 limit\u00e9e et num\u00e9rot\u00e9e.<br \/>\nSa vinification soign\u00e9e et son passage quelques mois en f\u00fbts de ch\u00eane font de ce mono-c\u00e9page 100% Meunier un Champagne rond et fruit\u00e9 o\u00f9 s&rsquo;expriment all\u00e8grement de jolies notes bois\u00e9es. Parfait \u00e0 l&rsquo;ap\u00e9ritif, il sera aussi le t\u00e9moin id\u00e9al de tous les grands instants de votre vie.<\/p>\n","protected":false},"excerpt":{"rendered":"<p>Pr\u00e9sentation Cette cuv\u00e9e \u00ab\u00a0Coup de Foudre\u00a0\u00bb, symbole unique de notre histoire, a \u00e9t\u00e9 tir\u00e9e en quantit\u00e9 limit\u00e9e et num\u00e9rot\u00e9e. Sa vinification soign\u00e9e et son passage quelques mois en f\u00fbts de ch\u00eane font de ce mono-c\u00e9page 100% Meunier un Champagne rond et fruit\u00e9 o\u00f9 s&rsquo;expriment all\u00e8grement de jolies notes bois\u00e9es. Parfait \u00e0 l&rsquo;ap\u00e9ritif, il sera aussi &hellip; <\/p>\n<p class=\"link-more\"><a href=\"https:\/\/www.champagne-raymond.com\/shop\/produit\/coup-2-foudre\/\" class=\"more-link\">Continue reading<span class=\"screen-reader-text\"> \u00ab\u00a0Coup 2 Foudre\u00a0\u00bb<\/span><\/a><\/p>\n","protected":false},"featured_media":123,"template":"","meta":{"_acf_changed":false,"inline_featured_image":false},"product_brand":[],"product_cat":[15],"product_tag":[],"class_list":{"0":"post-26","1":"product","2":"type-product","3":"status-publish","4":"has-post-thumbnail","6":"product_cat-champagne","8":"first","9":"instock","10":"shipping-taxable","11":"product-type-simple"},"acf":[],"_links":{"self":[{"href":"https:\/\/www.champagne-raymond.com\/shop\/wp-json\/wp\/v2\/product\/26","targetHints":{"allow":["GET"]}}],"collection":[{"href":"https:\/\/www.champagne-raymond.com\/shop\/wp-json\/wp\/v2\/product"}],"about":[{"href":"https:\/\/www.champagne-raymond.com\/shop\/wp-json\/wp\/v2\/types\/product"}],"wp:featuredmedia":[{"embeddable":true,"href":"https:\/\/www.champagne-raymond.com\/shop\/wp-json\/wp\/v2\/media\/123"}],"wp:attachment":[{"href":"https:\/\/www.champagne-raymond.com\/shop\/wp-json\/wp\/v2\/media?parent=26"}],"wp:term":[{"taxonomy":"product_brand","embeddable":true,"href":"https:\/\/www.champagne-raymond.com\/shop\/wp-json\/wp\/v2\/product_brand?post=26"},{"taxonomy":"product_cat","embeddable":true,"href":"https:\/\/www.champagne-raymond.com\/shop\/wp-json\/wp\/v2\/product_cat?post=26"},{"taxonomy":"product_tag","embeddable":true,"href":"https:\/\/www.champagne-raymond.com\/shop\/wp-json\/wp\/v2\/product_tag?post=26"}],"curies":[{"name":"wp","href":"https:\/\/api.w.org\/{rel}","templated":true}]}}