{"id":89,"date":"2023-10-24T08:34:20","date_gmt":"2023-10-24T06:34:20","guid":{"rendered":"https:\/\/www.champagne-raymond.com\/shop\/?post_type=product&#038;p=89"},"modified":"2024-01-19T13:56:22","modified_gmt":"2024-01-19T12:56:22","slug":"lentre-2-blanc","status":"publish","type":"product","link":"https:\/\/www.champagne-raymond.com\/shop\/produit\/lentre-2-blanc\/","title":{"rendered":"L&rsquo;Entre 2 Blanc"},"content":{"rendered":"<p><strong>Pr\u00e9sentation<\/strong><br \/>\nL\u2019Entre 2 Blanc est un mono-c\u00e9page de raisins blancs 100% Chardonnay. Les vignobles dont ils sont issus sont en cours de conversion Bio et b\u00e9n\u00e9ficient d\u2019une soin particulier toute l\u2019ann\u00e9e. Faiblement dos\u00e9e en sucre, cette cuv\u00e9e a \u00e9t\u00e9 en partie vinifi\u00e9e en f\u00fbt de ch\u00eane.<\/p>\n<p><strong>D\u00e9gustation<\/strong><br \/>\nId\u00e9ale \u00e0 tous moments, d\u00e9licate et raffin\u00e9e, cette cuv\u00e9e fera le bonheur de vos ap\u00e9ritifs et vos envies de poissons. Elle accompagnera vos plateaux de fruits de mer avec \u00e9l\u00e9gance.<\/p>\n","protected":false},"excerpt":{"rendered":"<p>Pr\u00e9sentation L\u2019Entre 2 Blanc est un mono-c\u00e9page de raisins blancs 100% Chardonnay. Les vignobles dont ils sont issus sont en cours de conversion Bio et b\u00e9n\u00e9ficient d\u2019une soin particulier toute l\u2019ann\u00e9e. Faiblement dos\u00e9e en sucre, cette cuv\u00e9e a \u00e9t\u00e9 en partie vinifi\u00e9e en f\u00fbt de ch\u00eane. D\u00e9gustation Id\u00e9ale \u00e0 tous moments, d\u00e9licate et raffin\u00e9e, cette &hellip; <\/p>\n<p class=\"link-more\"><a href=\"https:\/\/www.champagne-raymond.com\/shop\/produit\/lentre-2-blanc\/\" class=\"more-link\">Continue reading<span class=\"screen-reader-text\"> \u00ab\u00a0L&rsquo;Entre 2 Blanc\u00a0\u00bb<\/span><\/a><\/p>\n","protected":false},"featured_media":116,"template":"","meta":{"_acf_changed":false,"inline_featured_image":false},"product_brand":[],"product_cat":[15],"product_tag":[],"class_list":{"0":"post-89","1":"product","2":"type-product","3":"status-publish","4":"has-post-thumbnail","6":"product_cat-champagne","8":"first","9":"instock","10":"shipping-taxable","11":"product-type-simple"},"acf":[],"_links":{"self":[{"href":"https:\/\/www.champagne-raymond.com\/shop\/wp-json\/wp\/v2\/product\/89","targetHints":{"allow":["GET"]}}],"collection":[{"href":"https:\/\/www.champagne-raymond.com\/shop\/wp-json\/wp\/v2\/product"}],"about":[{"href":"https:\/\/www.champagne-raymond.com\/shop\/wp-json\/wp\/v2\/types\/product"}],"wp:featuredmedia":[{"embeddable":true,"href":"https:\/\/www.champagne-raymond.com\/shop\/wp-json\/wp\/v2\/media\/116"}],"wp:attachment":[{"href":"https:\/\/www.champagne-raymond.com\/shop\/wp-json\/wp\/v2\/media?parent=89"}],"wp:term":[{"taxonomy":"product_brand","embeddable":true,"href":"https:\/\/www.champagne-raymond.com\/shop\/wp-json\/wp\/v2\/product_brand?post=89"},{"taxonomy":"product_cat","embeddable":true,"href":"https:\/\/www.champagne-raymond.com\/shop\/wp-json\/wp\/v2\/product_cat?post=89"},{"taxonomy":"product_tag","embeddable":true,"href":"https:\/\/www.champagne-raymond.com\/shop\/wp-json\/wp\/v2\/product_tag?post=89"}],"curies":[{"name":"wp","href":"https:\/\/api.w.org\/{rel}","templated":true}]}}