{"id":96,"date":"2023-10-24T08:34:20","date_gmt":"2023-10-24T06:34:20","guid":{"rendered":"https:\/\/www.champagne-raymond.com\/shop\/?post_type=product&#038;p=96"},"modified":"2024-01-19T13:57:10","modified_gmt":"2024-01-19T12:57:10","slug":"lentre-2-noir","status":"publish","type":"product","link":"https:\/\/www.champagne-raymond.com\/shop\/produit\/lentre-2-noir\/","title":{"rendered":"L&rsquo;Entre 2 Noir"},"content":{"rendered":"<p><strong>Pr\u00e9sentation<\/strong><br \/>\nL\u2019Entre 2 Noir est le fruit d\u2019assemblage des deux c\u00e9pages noirs de la Vall\u00e9e de la Marne, le Pinot Noir et le Pinot Meunier. Les vignobles dont ils sont issus sont en cours de conversion Bio et b\u00e9n\u00e9ficient d\u2019un soin particulier toute l\u2019ann\u00e9e. Faiblement dos\u00e9e en sucre, cette cuv\u00e9e a \u00e9t\u00e9 en partie vinifi\u00e9e en f\u00fbt de ch\u00eane.<\/p>\n<p><strong>D\u00e9gustation<\/strong><br \/>\nId\u00e9ale \u00e0 tous moments, ronde et gourmande, cette cuv\u00e9e fera le bonheur de vos ap\u00e9ritifs et agr\u00e9mentera vos d\u00eeners improvis\u00e9s.<\/p>\n","protected":false},"excerpt":{"rendered":"<p>Pr\u00e9sentation L\u2019Entre 2 Noir est le fruit d\u2019assemblage des deux c\u00e9pages noirs de la Vall\u00e9e de la Marne, le Pinot Noir et le Pinot Meunier. Les vignobles dont ils sont issus sont en cours de conversion Bio et b\u00e9n\u00e9ficient d\u2019un soin particulier toute l\u2019ann\u00e9e. Faiblement dos\u00e9e en sucre, cette cuv\u00e9e a \u00e9t\u00e9 en partie vinifi\u00e9e &hellip; <\/p>\n<p class=\"link-more\"><a href=\"https:\/\/www.champagne-raymond.com\/shop\/produit\/lentre-2-noir\/\" class=\"more-link\">Continue reading<span class=\"screen-reader-text\"> \u00ab\u00a0L&rsquo;Entre 2 Noir\u00a0\u00bb<\/span><\/a><\/p>\n","protected":false},"featured_media":117,"template":"","meta":{"_acf_changed":false,"inline_featured_image":false},"product_brand":[],"product_cat":[15],"product_tag":[],"class_list":{"0":"post-96","1":"product","2":"type-product","3":"status-publish","4":"has-post-thumbnail","6":"product_cat-champagne","8":"first","9":"instock","10":"shipping-taxable","11":"product-type-simple"},"acf":[],"_links":{"self":[{"href":"https:\/\/www.champagne-raymond.com\/shop\/wp-json\/wp\/v2\/product\/96","targetHints":{"allow":["GET"]}}],"collection":[{"href":"https:\/\/www.champagne-raymond.com\/shop\/wp-json\/wp\/v2\/product"}],"about":[{"href":"https:\/\/www.champagne-raymond.com\/shop\/wp-json\/wp\/v2\/types\/product"}],"wp:featuredmedia":[{"embeddable":true,"href":"https:\/\/www.champagne-raymond.com\/shop\/wp-json\/wp\/v2\/media\/117"}],"wp:attachment":[{"href":"https:\/\/www.champagne-raymond.com\/shop\/wp-json\/wp\/v2\/media?parent=96"}],"wp:term":[{"taxonomy":"product_brand","embeddable":true,"href":"https:\/\/www.champagne-raymond.com\/shop\/wp-json\/wp\/v2\/product_brand?post=96"},{"taxonomy":"product_cat","embeddable":true,"href":"https:\/\/www.champagne-raymond.com\/shop\/wp-json\/wp\/v2\/product_cat?post=96"},{"taxonomy":"product_tag","embeddable":true,"href":"https:\/\/www.champagne-raymond.com\/shop\/wp-json\/wp\/v2\/product_tag?post=96"}],"curies":[{"name":"wp","href":"https:\/\/api.w.org\/{rel}","templated":true}]}}